{"id":991,"date":"2024-10-27T21:13:23","date_gmt":"2024-10-27T21:13:23","guid":{"rendered":"https:\/\/mitvorteil.de\/?post_type=product&#038;p=991"},"modified":"2026-01-26T10:26:05","modified_gmt":"2026-01-26T10:26:05","slug":"stunk-dnd-abenteuer-einstieg","status":"publish","type":"product","link":"https:\/\/mitvorteil.de\/index.php\/produkt\/stunk-dnd-abenteuer-einstieg\/","title":{"rendered":"STUNK: Dungeons &#038; Dragons Abenteuer f\u00fcr den Einstieg (PDF)"},"content":{"rendered":"<p>Dungeons &amp; Dragons Abenteuer f\u00fcr den Einstieg! Dieses D&amp;D 5e Abenteuer hilft dir, deine ersten Sitzungen zu leiten. Ideal f\u00fcr die erste Kampagne als Anf\u00e4nger aber auch erfahrene Spielleitungen. Wenn du wissen willst, wie du D&amp;D spielst, schau unbedingt unser Video. <a href=\"https:\/\/youtu.be\/q8Tq-LFmMCM\">Hier erkl\u00e4ren wir dir die Regeln in 14 Minuten<\/a>.<\/p>\n<p>Darum geht es: Im kleinen Dorf OLIBERS FLECK hat sich vor einigen Monaten ein f\u00fcrchterlicher Gestank festgesetzt. Ein Gro\u00dfteil der Dorfgemeinschaft hat den Ort verlassen, als auch noch der alte Schuppen am Dorfplatz zu sprechen begann. Wird deine Gruppe dem Gestank trotzen und Olibers Fleck vor dem Stunk retten?<\/p>\n<p>Das Abenteuer ist auf zwei bis f\u00fcnf Stufe 1 Charaktere ausgelegt und sollte maximal drei Sitzungen dauern.<\/p>\n<p>Hinweis: Dies ist ein digitaler PDF-Download.<\/p>\n","protected":false},"excerpt":{"rendered":"<p>Dieses D&amp;D 5e Abenteuer hilft dir, deine ersten Sitzungen zu leiten. Ideal f\u00fcr die erste Kampagne als Anf\u00e4nger aber auch erfahrene Spielleitungen. <span style=\"font-size: 16px;\">Das Abenteuer ist auf zwei bis f\u00fcnf Stufe 1 Charaktere ausgelegt und sollte maximal drei Sitzungen dauern.<\/span><\/p>\n","protected":false},"featured_media":1011,"comment_status":"open","ping_status":"closed","template":"","meta":{"_seopress_robots_primary_cat":"","_seopress_titles_title":"","_seopress_titles_desc":"","_seopress_robots_index":"","site-sidebar-layout":"default","site-content-layout":"","ast-site-content-layout":"default","site-content-style":"default","site-sidebar-style":"default","ast-global-header-display":"","ast-banner-title-visibility":"","ast-main-header-display":"","ast-hfb-above-header-display":"","ast-hfb-below-header-display":"","ast-hfb-mobile-header-display":"","site-post-title":"","ast-breadcrumbs-content":"","ast-featured-img":"","footer-sml-layout":"","ast-disable-related-posts":"","theme-transparent-header-meta":"default","adv-header-id-meta":"","stick-header-meta":"","header-above-stick-meta":"","header-main-stick-meta":"","header-below-stick-meta":"","astra-migrate-meta-layouts":"set","ast-page-background-enabled":"default","ast-page-background-meta":{"desktop":{"background-color":"var(--ast-global-color-4)","background-image":"","background-repeat":"repeat","background-position":"center center","background-size":"auto","background-attachment":"scroll","background-type":"","background-media":"","overlay-type":"","overlay-color":"","overlay-opacity":"","overlay-gradient":""},"tablet":{"background-color":"","background-image":"","background-repeat":"repeat","background-position":"center center","background-size":"auto","background-attachment":"scroll","background-type":"","background-media":"","overlay-type":"","overlay-color":"","overlay-opacity":"","overlay-gradient":""},"mobile":{"background-color":"","background-image":"","background-repeat":"repeat","background-position":"center center","background-size":"auto","background-attachment":"scroll","background-type":"","background-media":"","overlay-type":"","overlay-color":"","overlay-opacity":"","overlay-gradient":""}},"ast-content-background-meta":{"desktop":{"background-color":"var(--ast-global-color-5)","background-image":"","background-repeat":"repeat","background-position":"center center","background-size":"auto","background-attachment":"scroll","background-type":"","background-media":"","overlay-type":"","overlay-color":"","overlay-opacity":"","overlay-gradient":""},"tablet":{"background-color":"var(--ast-global-color-5)","background-image":"","background-repeat":"repeat","background-position":"center center","background-size":"auto","background-attachment":"scroll","background-type":"","background-media":"","overlay-type":"","overlay-color":"","overlay-opacity":"","overlay-gradient":""},"mobile":{"background-color":"var(--ast-global-color-5)","background-image":"","background-repeat":"repeat","background-position":"center center","background-size":"auto","background-attachment":"scroll","background-type":"","background-media":"","overlay-type":"","overlay-color":"","overlay-opacity":"","overlay-gradient":""}}},"product_brand":[],"product_cat":[67],"product_tag":[],"class_list":{"0":"post-991","1":"product","2":"type-product","3":"status-publish","4":"has-post-thumbnail","6":"product_cat-abenteuer","7":"desktop-align-left","8":"tablet-align-left","9":"mobile-align-left","11":"first","12":"instock","13":"downloadable","14":"virtual","15":"purchasable","16":"product-type-simple"},"post_mailing_queue_ids":[],"_links":{"self":[{"href":"https:\/\/mitvorteil.de\/index.php\/wp-json\/wp\/v2\/product\/991","targetHints":{"allow":["GET"]}}],"collection":[{"href":"https:\/\/mitvorteil.de\/index.php\/wp-json\/wp\/v2\/product"}],"about":[{"href":"https:\/\/mitvorteil.de\/index.php\/wp-json\/wp\/v2\/types\/product"}],"replies":[{"embeddable":true,"href":"https:\/\/mitvorteil.de\/index.php\/wp-json\/wp\/v2\/comments?post=991"}],"wp:featuredmedia":[{"embeddable":true,"href":"https:\/\/mitvorteil.de\/index.php\/wp-json\/wp\/v2\/media\/1011"}],"wp:attachment":[{"href":"https:\/\/mitvorteil.de\/index.php\/wp-json\/wp\/v2\/media?parent=991"}],"wp:term":[{"taxonomy":"product_brand","embeddable":true,"href":"https:\/\/mitvorteil.de\/index.php\/wp-json\/wp\/v2\/product_brand?post=991"},{"taxonomy":"product_cat","embeddable":true,"href":"https:\/\/mitvorteil.de\/index.php\/wp-json\/wp\/v2\/product_cat?post=991"},{"taxonomy":"product_tag","embeddable":true,"href":"https:\/\/mitvorteil.de\/index.php\/wp-json\/wp\/v2\/product_tag?post=991"}],"curies":[{"name":"wp","href":"https:\/\/api.w.org\/{rel}","templated":true}]}}