{"id":2817,"date":"2026-01-18T20:16:07","date_gmt":"2026-01-18T20:16:07","guid":{"rendered":"https:\/\/mitvorteil.de\/?post_type=product&#038;p=2817"},"modified":"2026-03-30T00:00:49","modified_gmt":"2026-03-30T00:00:49","slug":"aerger-in-der-deponiewacht","status":"publish","type":"product","link":"https:\/\/mitvorteil.de\/index.php\/produkt\/aerger-in-der-deponiewacht\/","title":{"rendered":"\u00c4RGER IN DER DEPONIEWACHT: Ein D&#038;D und Shadowdark Abenteuer (PDF)"},"content":{"rendered":"<p>Dieses Abenteuer f\u00fcr Shadowdark und D&amp;D 5e f\u00fchrt dich und deine Gruppe an den letzten Wachposten vor einer magischen M\u00fcllkippe. Erkundet den Wachposten, rettet Weras Trupp und weckt blo\u00df nicht den schlafenden Jungdrachen! <strong>Dieses Abenteuer richtet sich an 2 bis 5 Charaktere der Stufe 1 und 2.<\/strong><\/p>\n<h2>Das erwartet dich<\/h2>\n<ul>\n<li>Illustrationen von <a href=\"https:\/\/timgaedke.com\/\">Tim Gaedke<\/a>! Inklusive detaillierter isometrischer Karte der Deponiewacht!<\/li>\n<li>8 R\u00e4ume, 3 Zug\u00e4nge und zahlreiche Interaktionsm\u00f6glichkeiten an jeder Ecke!<\/li>\n<li>7 NPCs!<\/li>\n<li>6 neue Monster!<\/li>\n<li>5 magische Gegenst\u00e4nde!!<\/li>\n<li>1 richtig mies gelaunter Drache!<\/li>\n<li>Loot!-Tabelle mit weiteren Gegenst\u00e4nden und Wertsachen!<\/li>\n<li>Kompatibel mit Shadowdark und D&amp;D 5th Edition (an andere Systeme anpassbar)!<\/li>\n<li>Und all das so gestaltet, dass du direkt leiten kannst! Keine Vorbereitung n\u00f6tig!<\/li>\n<\/ul>\n<h2>Zum Setting<\/h2>\n<p>Die m\u00e4chtigsten Magiekundigen der Welt werfen ihren M\u00fcll an ein und derselben Stelle ab. Mit der Zeit ist eine Deponie entstanden, die regelm\u00e4\u00dfig Monster und andere Gefahren ausspuckt. Zum Gl\u00fcck beseitigt die Deponiewacht die Meisten von ihnen. Aber was, wenn die Deponiewacht selbst Hilfe braucht?<br \/>\n<strong>Seid ihr bereit, der Wacht zur Hilfe zu eilen?<\/strong><\/p>\n<p>Dieses Modul ist der erste Teil einer ganzen Abenteuerregion! Dort wirst du das nahgelegene Stelzendorf, den umliegenden Sumpf und die gesamte magische Deponie finden. Unterst\u00fctze uns auf Patreon, um neue Inhalte vorab zu erhalten und an Playtestrunden auf unserem Discord teilzunehmen. Erfahre hier, wie du dein erstes Shadowdark Abenteuer leitest!<\/p>\n<p>Abenteuer von Pete<\/p>\n<p>Illustrationen und Map von Tim Gaedke<\/p>\n<p>Cover von Aggi<\/p>\n<p>Dieses Abenteuer wurde mit der Methode aus unserem <a href=\"https:\/\/mitvorteil.de\/index.php\/produkt\/abenteuer-erstellen\/\">Abenteuerbaukasten<\/a> erstellt.<\/p>\n","protected":false},"excerpt":{"rendered":"<p>Ein D&amp;D und Shadowdark Abenteuer f\u00fcr die Stufen 1 und 2 mit:<\/p>\n<ul>\n<li>Illustrationen von <a href=\"https:\/\/timgaedke.com\/\">Tim Gaedke<\/a>! Inklusive detaillierter isometrischer Karte der Deponiewacht!<\/li>\n<li>8 R\u00e4ume, 3 Zug\u00e4nge und zahlreiche Interaktionsm\u00f6glichkeiten an jeder Ecke!<\/li>\n<li>7 NPCs! Darunter ein Humanoides Opossum!?<\/li>\n<li>6 neue Monster!\u00a0Mutierte Aale! Drei\u00e4ugige Kraniche! Ein Doppelalligator!?<\/li>\n<li>5 magische Gegenst\u00e4nde! Gummistiefel! Rankenbogen! Eine Wandertruhe?!<\/li>\n<li>1 richtig mies gelaunter (magisch ver\u00e4nderter?) junger Drache!<\/li>\n<li>Loot!-Tabelle mit weiteren Gegenst\u00e4nden und Wertsachen!<\/li>\n<li>Kompatibel mit Shadowdark und D&amp;D 5th Edition (an andere Systeme anpassbar)!<\/li>\n<li>Und all das so gestaltet, dass du direkt leiten kannst! Keine Vorbereitung n\u00f6tig!<\/li>\n<\/ul>\n","protected":false},"featured_media":2820,"comment_status":"closed","ping_status":"closed","template":"","meta":{"_seopress_robots_primary_cat":"none","_seopress_titles_title":"","_seopress_titles_desc":"","_seopress_robots_index":"","site-sidebar-layout":"default","site-content-layout":"","ast-site-content-layout":"default","site-content-style":"default","site-sidebar-style":"default","ast-global-header-display":"","ast-banner-title-visibility":"","ast-main-header-display":"","ast-hfb-above-header-display":"","ast-hfb-below-header-display":"","ast-hfb-mobile-header-display":"","site-post-title":"","ast-breadcrumbs-content":"","ast-featured-img":"","footer-sml-layout":"","ast-disable-related-posts":"","theme-transparent-header-meta":"default","adv-header-id-meta":"","stick-header-meta":"","header-above-stick-meta":"","header-main-stick-meta":"","header-below-stick-meta":"","astra-migrate-meta-layouts":"set","ast-page-background-enabled":"default","ast-page-background-meta":{"desktop":{"background-color":"var(--ast-global-color-4)","background-image":"","background-repeat":"repeat","background-position":"center center","background-size":"auto","background-attachment":"scroll","background-type":"","background-media":"","overlay-type":"","overlay-color":"","overlay-opacity":"","overlay-gradient":""},"tablet":{"background-color":"","background-image":"","background-repeat":"repeat","background-position":"center center","background-size":"auto","background-attachment":"scroll","background-type":"","background-media":"","overlay-type":"","overlay-color":"","overlay-opacity":"","overlay-gradient":""},"mobile":{"background-color":"","background-image":"","background-repeat":"repeat","background-position":"center center","background-size":"auto","background-attachment":"scroll","background-type":"","background-media":"","overlay-type":"","overlay-color":"","overlay-opacity":"","overlay-gradient":""}},"ast-content-background-meta":{"desktop":{"background-color":"var(--ast-global-color-5)","background-image":"","background-repeat":"repeat","background-position":"center center","background-size":"auto","background-attachment":"scroll","background-type":"","background-media":"","overlay-type":"","overlay-color":"","overlay-opacity":"","overlay-gradient":""},"tablet":{"background-color":"var(--ast-global-color-5)","background-image":"","background-repeat":"repeat","background-position":"center center","background-size":"auto","background-attachment":"scroll","background-type":"","background-media":"","overlay-type":"","overlay-color":"","overlay-opacity":"","overlay-gradient":""},"mobile":{"background-color":"var(--ast-global-color-5)","background-image":"","background-repeat":"repeat","background-position":"center center","background-size":"auto","background-attachment":"scroll","background-type":"","background-media":"","overlay-type":"","overlay-color":"","overlay-opacity":"","overlay-gradient":""}}},"product_brand":[],"product_cat":[67],"product_tag":[],"class_list":{"0":"post-2817","1":"product","2":"type-product","3":"status-publish","4":"has-post-thumbnail","6":"product_cat-abenteuer","7":"desktop-align-left","8":"tablet-align-left","9":"mobile-align-left","11":"first","12":"instock","13":"downloadable","14":"virtual","15":"purchasable","16":"product-type-simple"},"post_mailing_queue_ids":[],"_links":{"self":[{"href":"https:\/\/mitvorteil.de\/index.php\/wp-json\/wp\/v2\/product\/2817","targetHints":{"allow":["GET"]}}],"collection":[{"href":"https:\/\/mitvorteil.de\/index.php\/wp-json\/wp\/v2\/product"}],"about":[{"href":"https:\/\/mitvorteil.de\/index.php\/wp-json\/wp\/v2\/types\/product"}],"replies":[{"embeddable":true,"href":"https:\/\/mitvorteil.de\/index.php\/wp-json\/wp\/v2\/comments?post=2817"}],"wp:featuredmedia":[{"embeddable":true,"href":"https:\/\/mitvorteil.de\/index.php\/wp-json\/wp\/v2\/media\/2820"}],"wp:attachment":[{"href":"https:\/\/mitvorteil.de\/index.php\/wp-json\/wp\/v2\/media?parent=2817"}],"wp:term":[{"taxonomy":"product_brand","embeddable":true,"href":"https:\/\/mitvorteil.de\/index.php\/wp-json\/wp\/v2\/product_brand?post=2817"},{"taxonomy":"product_cat","embeddable":true,"href":"https:\/\/mitvorteil.de\/index.php\/wp-json\/wp\/v2\/product_cat?post=2817"},{"taxonomy":"product_tag","embeddable":true,"href":"https:\/\/mitvorteil.de\/index.php\/wp-json\/wp\/v2\/product_tag?post=2817"}],"curies":[{"name":"wp","href":"https:\/\/api.w.org\/{rel}","templated":true}]}}