{"id":2153,"date":"2025-09-19T09:40:56","date_gmt":"2025-09-19T09:40:56","guid":{"rendered":"https:\/\/mitvorteil.de\/?post_type=product&#038;p=2153"},"modified":"2026-01-18T15:50:50","modified_gmt":"2026-01-18T15:50:50","slug":"sitzungsplaner","status":"publish","type":"product","link":"https:\/\/mitvorteil.de\/index.php\/produkt\/sitzungsplaner\/","title":{"rendered":"Sitzungsplaner (PDF)"},"content":{"rendered":"<p>Eine D&D Sitzung vorbereiten in k\u00fcrzester Zeit und fast von alleine? In <a href=\"https:\/\/youtu.be\/vPcLdtO5kcY\">diesem Video<\/a> erf\u00e4hrst du, wie das funktioniert. Diese Spielhilfe unterst\u00fctzt dich bei der Umsetzung!<\/p>\n<p>Mit dem Sitzungsplaner bekommst du:<\/p>\n<ul>\n<li>Eine \u00fcbersichtliche Methode, um deine Pen & Paper Kampagnensitzungen vorzubereiten. Egal ob D&D, Pathfinder oder andere Systeme. Die Methode l\u00e4sst sich auf die meisten Regelwerke anwenden und liefert dir eine simple Schablone, die du lediglich ausf\u00fcllen musst.<\/li>\n<li>Den Buttons-Ansatz zeigt dir, ob deine Vorbereitung am Spieltisch n\u00fctzlich sein wird. \u00dcberpr\u00fcfe, ob deine Ideen und Spielinhalte genug Interaktionsm\u00f6glichkeiten aufweisen, damit deine Gruppe m\u00f6glichst viel Chaos erzeugen kann!<\/li>\n<li>Eine Vorlage f\u00fcr deine Sitzungsnotizen. Schreibe nur das auf, was du brauchst und finde deine Notizen am Spieltisch sofort wieder. Behalte auch Wochen nach einer Sitzung den \u00dcberblick, indem du Session f\u00fcr Session auf den Konsequenzen der Gruppenhandlungen aufbaust. Die Vorlage hilft dir dabei, deine Inhalte schnell und einfach ins Spiel zu bringen.<\/li>\n<li>Einen Spickzettel mit Beispielen und Ideen, die du vor und w\u00e4hrend der Sitzung nutzen kannst. Du brauchst noch schnell einen neuen Pfad? Ein passendes Hindernis? Oder eine Idee, wie du die Sitzung beenden kannst? Der Spickzettel hilft dir und schreckt auch vor Comic Sans nicht zur\u00fcck!<\/li>\n<\/ul>\n<h2>Mehr Spielhilfe gebraucht?<\/h2>\n<p>Die Methode in der Spielhilfe eignet sich am besten f\u00fcr das Kampagnenspiel. Du kannst damit eine D&D Sitzung vorbereiten, die auf den zuvor gespielten Sessions aufbaut. Wie du einen Oneshot \u2013 eine Sitzung, die am selben Abend zu Ende gespielt werden soll \u2013 erstellst, erf\u00e4hrst du in <a href=\"https:\/\/youtu.be\/d-wdk-LbasU\">diesem Video<\/a>. Wenn du f\u00fcr deine n\u00e4chste Kampagne ein eigenes Abenteuer erstellen willst, schau in <a href=\"https:\/\/mitvorteil.de\/index.php\/produkt\/abenteuer-erstellen\/\">unsere Spielhilfe<\/a>, mit der du ein ganzes Abenteuer auf nur einer Seite skizzierst!<\/p>\n<p>Die offiziellen Monster sind dir nicht furchterregend genug? Schau in unseren <a href=\"https:\/\/mitvorteil.de\/index.php\/produkt\/monster-baukasten\/\">Monster Baukasten<\/a>, damit deine Sitzungen nie wieder unter langweiligen Fiesviechern leiden m\u00fcssen. Dort bekommst du auch reichlich Inspirationshilfen, um deine Hindernisse spannender zu gestalten. Buttons inklusive!<\/p>\n<p>Hinweis: Dies ist ein digitaler PDF-Download.<\/p>\n","protected":false},"excerpt":{"rendered":"<p>Eine D&#038;D Sitzung vorbereiten in k\u00fcrzester Zeit und fast von alleine? In diesem Video erf\u00e4hrst du, wie das funktioniert. Diese Spielhilfe unterst\u00fctzt dich bei der Umsetzung! Mit dem Sitzungsplaner bekommst du: Eine \u00fcbersichtliche Methode, um deine Pen &#038; Paper Kampagnensitzungen vorzubereiten. Egal ob D&#038;D, Pathfinder oder andere Systeme. Die Methode l\u00e4sst sich auf die meisten [&hellip;]<\/p>\n","protected":false},"featured_media":2157,"comment_status":"open","ping_status":"closed","template":"","meta":{"_seopress_robots_primary_cat":"","_seopress_titles_title":"","_seopress_titles_desc":"","_seopress_robots_index":"","site-sidebar-layout":"default","site-content-layout":"","ast-site-content-layout":"default","site-content-style":"default","site-sidebar-style":"default","ast-global-header-display":"","ast-banner-title-visibility":"","ast-main-header-display":"","ast-hfb-above-header-display":"","ast-hfb-below-header-display":"","ast-hfb-mobile-header-display":"","site-post-title":"","ast-breadcrumbs-content":"","ast-featured-img":"","footer-sml-layout":"","ast-disable-related-posts":"","theme-transparent-header-meta":"default","adv-header-id-meta":"","stick-header-meta":"","header-above-stick-meta":"","header-main-stick-meta":"","header-below-stick-meta":"","astra-migrate-meta-layouts":"set","ast-page-background-enabled":"default","ast-page-background-meta":{"desktop":{"background-color":"var(--ast-global-color-4)","background-image":"","background-repeat":"repeat","background-position":"center center","background-size":"auto","background-attachment":"scroll","background-type":"","background-media":"","overlay-type":"","overlay-color":"","overlay-opacity":"","overlay-gradient":""},"tablet":{"background-color":"","background-image":"","background-repeat":"repeat","background-position":"center center","background-size":"auto","background-attachment":"scroll","background-type":"","background-media":"","overlay-type":"","overlay-color":"","overlay-opacity":"","overlay-gradient":""},"mobile":{"background-color":"","background-image":"","background-repeat":"repeat","background-position":"center center","background-size":"auto","background-attachment":"scroll","background-type":"","background-media":"","overlay-type":"","overlay-color":"","overlay-opacity":"","overlay-gradient":""}},"ast-content-background-meta":{"desktop":{"background-color":"var(--ast-global-color-5)","background-image":"","background-repeat":"repeat","background-position":"center center","background-size":"auto","background-attachment":"scroll","background-type":"","background-media":"","overlay-type":"","overlay-color":"","overlay-opacity":"","overlay-gradient":""},"tablet":{"background-color":"var(--ast-global-color-5)","background-image":"","background-repeat":"repeat","background-position":"center center","background-size":"auto","background-attachment":"scroll","background-type":"","background-media":"","overlay-type":"","overlay-color":"","overlay-opacity":"","overlay-gradient":""},"mobile":{"background-color":"var(--ast-global-color-5)","background-image":"","background-repeat":"repeat","background-position":"center center","background-size":"auto","background-attachment":"scroll","background-type":"","background-media":"","overlay-type":"","overlay-color":"","overlay-opacity":"","overlay-gradient":""}}},"product_brand":[],"product_cat":[68],"product_tag":[80,81],"class_list":{"0":"post-2153","1":"product","2":"type-product","3":"status-publish","4":"has-post-thumbnail","6":"product_cat-hilfen","7":"product_tag-homebrew","8":"product_tag-spielhilfe","9":"desktop-align-left","10":"tablet-align-left","11":"mobile-align-left","13":"first","14":"instock","15":"downloadable","16":"virtual","17":"purchasable","18":"product-type-simple"},"post_mailing_queue_ids":[],"_links":{"self":[{"href":"https:\/\/mitvorteil.de\/index.php\/wp-json\/wp\/v2\/product\/2153","targetHints":{"allow":["GET"]}}],"collection":[{"href":"https:\/\/mitvorteil.de\/index.php\/wp-json\/wp\/v2\/product"}],"about":[{"href":"https:\/\/mitvorteil.de\/index.php\/wp-json\/wp\/v2\/types\/product"}],"replies":[{"embeddable":true,"href":"https:\/\/mitvorteil.de\/index.php\/wp-json\/wp\/v2\/comments?post=2153"}],"wp:featuredmedia":[{"embeddable":true,"href":"https:\/\/mitvorteil.de\/index.php\/wp-json\/wp\/v2\/media\/2157"}],"wp:attachment":[{"href":"https:\/\/mitvorteil.de\/index.php\/wp-json\/wp\/v2\/media?parent=2153"}],"wp:term":[{"taxonomy":"product_brand","embeddable":true,"href":"https:\/\/mitvorteil.de\/index.php\/wp-json\/wp\/v2\/product_brand?post=2153"},{"taxonomy":"product_cat","embeddable":true,"href":"https:\/\/mitvorteil.de\/index.php\/wp-json\/wp\/v2\/product_cat?post=2153"},{"taxonomy":"product_tag","embeddable":true,"href":"https:\/\/mitvorteil.de\/index.php\/wp-json\/wp\/v2\/product_tag?post=2153"}],"curies":[{"name":"wp","href":"https:\/\/api.w.org\/{rel}","templated":true}]}}