{"id":1863,"date":"2025-07-20T09:25:11","date_gmt":"2025-07-20T09:25:11","guid":{"rendered":"https:\/\/mitvorteil.de\/?post_type=product&#038;p=1863"},"modified":"2026-01-18T15:50:48","modified_gmt":"2026-01-18T15:50:48","slug":"monster-baukasten","status":"publish","type":"product","link":"https:\/\/mitvorteil.de\/index.php\/produkt\/monster-baukasten\/","title":{"rendered":"Monster Baukasten (PDF)"},"content":{"rendered":"<p>D&D Monster erstellen, anpassen und balancen und das alles auch noch einfach? Diese Spielhilfe enth\u00e4lt alles, um Monster f\u00fcr jedes Fantasy Rollenspiel zu erstellen! Egal ob DSA, Pathfinder oder Shadowdark. Auf insgesamt 8 Seiten findest du Zufallstabellen gef\u00fcllt mit Ideen, Mechaniken und komplett neuen Spielsystemen, um deine Dungeons & Dragons Monster spannender zu gestalten.<\/p>\n<p>Erschaffe D&D Monster in f\u00fcnf einfachen Schritten. Erfahre, welches Ziel die Monster au\u00dferhalb von K\u00e4mpfen verfolgen, damit sie nachvollziehbarer handeln. Gib deinen Monstern ein einzigartiges Aussehen oder variiere das gute alte Wolfsrudel mit einer magischen Mutation. W\u00e4hle eine von 40 einzigartigen F\u00e4higkeiten, um packende Bossk\u00e4mpfe zu gestalten. Statte besonders fiese Monster mit Schw\u00e4chen und Schwachstellen aus, um die Fiesviecher selbst zu R\u00e4tseln zu machen.<\/p>\n<p>Mit dieser Spielhilfe bekommst du:<\/p>\n<ul>\n<li>Ideen und Inspiration, um hunderte Monster zu erschaffen oder bestehende Fiesviecher anzupassen.<\/li>\n<li>Komplett neue Mechaniken und F\u00e4higkeiten, die deine Gruppe vor neue Herausforderungen stellen.<\/li>\n<li>Zahlreiche Tipps und Beispiele, die dir dabei helfen, das meiste aus dieser Spielhilfe herauszuholen.<\/li>\n<li>Tabellen, die es dir erleichtern, die Anzeichen, das Aussehen und die Bewegung von Monstern am Spieltisch zu beschreiben.<\/li>\n<li>Acht minimalistische D&D 2024 kompatible Statbl\u00f6cke (Spielwerte), mit denen du einen Gro\u00dfteil deiner K\u00e4mpfe von einem Blatt Papier aus leiten wirst.<\/li>\n<li>Ein neues, simpleres Magiesystem f\u00fcr Monster, das ebenfalls auf eine einzige Seite passt und dir etliche Effekte und Kombinationsm\u00f6glichkeiten bietet.<\/li>\n<li>Ein Lesezeichen, mit dem du die Spielwerte deiner Monster an die Stufe deiner Gruppe anpassen oder im laufenden Spiel neue D&D Monster erstellen kannst.<\/li>\n<\/ul>\n<p>Suchst du weitere Tipps, wie du Monster effektvoll einsetzt und die Balance deiner K\u00e4mpfe in den Griff bekommst? Schau dir <a href=\"https:\/\/youtu.be\/1HMexP2yk1g\" target=\"_blank\" rel=\"noopener\">dieses Video<\/a> an, um deine Dungeons & Dragons K\u00e4mpfe dynamischer zu machen.<\/p>\n<p>Du m\u00f6chtest deine Monster in einem eigenen Abenteuer einsetzen? Mit <a href=\"https:\/\/mitvorteil.de\/index.php\/produkt\/abenteuer-erstellen\/\">unserer Spielhilfe<\/a>, erstellst du ein Abenteuer auf einer einzigen Seite in nur f\u00fcnf Schritten!<\/p>\n<p>Hinweis: Dies ist ein digitaler PDF-Download.<\/p>\n","protected":false},"excerpt":{"rendered":"<p>D&#038;D Monster erstellen, anpassen und balancen und das alles auch noch einfach? Diese Spielhilfe enth\u00e4lt alles, um Monster f\u00fcr jedes Fantasy Rollenspiel zu erstellen! Egal ob DSA, Pathfinder oder Shadowdark. Auf insgesamt 8 Seiten findest du Zufallstabellen gef\u00fcllt mit Ideen, Mechaniken und komplett neuen Spielsystemen, um deine Dungeons &#038; Dragons Monster spannender zu gestalten. Erschaffe [&hellip;]<\/p>\n","protected":false},"featured_media":1864,"comment_status":"open","ping_status":"closed","template":"","meta":{"_seopress_robots_primary_cat":"","_seopress_titles_title":"","_seopress_titles_desc":"","_seopress_robots_index":"","site-sidebar-layout":"default","site-content-layout":"","ast-site-content-layout":"default","site-content-style":"default","site-sidebar-style":"default","ast-global-header-display":"","ast-banner-title-visibility":"","ast-main-header-display":"","ast-hfb-above-header-display":"","ast-hfb-below-header-display":"","ast-hfb-mobile-header-display":"","site-post-title":"","ast-breadcrumbs-content":"","ast-featured-img":"","footer-sml-layout":"","ast-disable-related-posts":"","theme-transparent-header-meta":"default","adv-header-id-meta":"","stick-header-meta":"","header-above-stick-meta":"","header-main-stick-meta":"","header-below-stick-meta":"","astra-migrate-meta-layouts":"set","ast-page-background-enabled":"default","ast-page-background-meta":{"desktop":{"background-color":"var(--ast-global-color-4)","background-image":"","background-repeat":"repeat","background-position":"center center","background-size":"auto","background-attachment":"scroll","background-type":"","background-media":"","overlay-type":"","overlay-color":"","overlay-opacity":"","overlay-gradient":""},"tablet":{"background-color":"","background-image":"","background-repeat":"repeat","background-position":"center center","background-size":"auto","background-attachment":"scroll","background-type":"","background-media":"","overlay-type":"","overlay-color":"","overlay-opacity":"","overlay-gradient":""},"mobile":{"background-color":"","background-image":"","background-repeat":"repeat","background-position":"center center","background-size":"auto","background-attachment":"scroll","background-type":"","background-media":"","overlay-type":"","overlay-color":"","overlay-opacity":"","overlay-gradient":""}},"ast-content-background-meta":{"desktop":{"background-color":"var(--ast-global-color-5)","background-image":"","background-repeat":"repeat","background-position":"center center","background-size":"auto","background-attachment":"scroll","background-type":"","background-media":"","overlay-type":"","overlay-color":"","overlay-opacity":"","overlay-gradient":""},"tablet":{"background-color":"var(--ast-global-color-5)","background-image":"","background-repeat":"repeat","background-position":"center center","background-size":"auto","background-attachment":"scroll","background-type":"","background-media":"","overlay-type":"","overlay-color":"","overlay-opacity":"","overlay-gradient":""},"mobile":{"background-color":"var(--ast-global-color-5)","background-image":"","background-repeat":"repeat","background-position":"center center","background-size":"auto","background-attachment":"scroll","background-type":"","background-media":"","overlay-type":"","overlay-color":"","overlay-opacity":"","overlay-gradient":""}}},"product_brand":[],"product_cat":[68],"product_tag":[80,79,81],"class_list":{"0":"post-1863","1":"product","2":"type-product","3":"status-publish","4":"has-post-thumbnail","6":"product_cat-hilfen","7":"product_tag-homebrew","8":"product_tag-monster","9":"product_tag-spielhilfe","10":"desktop-align-left","11":"tablet-align-left","12":"mobile-align-left","14":"first","15":"instock","16":"downloadable","17":"virtual","18":"purchasable","19":"product-type-simple"},"post_mailing_queue_ids":[],"_links":{"self":[{"href":"https:\/\/mitvorteil.de\/index.php\/wp-json\/wp\/v2\/product\/1863","targetHints":{"allow":["GET"]}}],"collection":[{"href":"https:\/\/mitvorteil.de\/index.php\/wp-json\/wp\/v2\/product"}],"about":[{"href":"https:\/\/mitvorteil.de\/index.php\/wp-json\/wp\/v2\/types\/product"}],"replies":[{"embeddable":true,"href":"https:\/\/mitvorteil.de\/index.php\/wp-json\/wp\/v2\/comments?post=1863"}],"wp:featuredmedia":[{"embeddable":true,"href":"https:\/\/mitvorteil.de\/index.php\/wp-json\/wp\/v2\/media\/1864"}],"wp:attachment":[{"href":"https:\/\/mitvorteil.de\/index.php\/wp-json\/wp\/v2\/media?parent=1863"}],"wp:term":[{"taxonomy":"product_brand","embeddable":true,"href":"https:\/\/mitvorteil.de\/index.php\/wp-json\/wp\/v2\/product_brand?post=1863"},{"taxonomy":"product_cat","embeddable":true,"href":"https:\/\/mitvorteil.de\/index.php\/wp-json\/wp\/v2\/product_cat?post=1863"},{"taxonomy":"product_tag","embeddable":true,"href":"https:\/\/mitvorteil.de\/index.php\/wp-json\/wp\/v2\/product_tag?post=1863"}],"curies":[{"name":"wp","href":"https:\/\/api.w.org\/{rel}","templated":true}]}}