{"id":1393,"date":"2025-03-17T17:32:33","date_gmt":"2025-03-17T17:32:33","guid":{"rendered":"https:\/\/mitvorteil.de\/?post_type=product&#038;p=1393"},"modified":"2026-04-26T10:25:50","modified_gmt":"2026-04-26T10:25:50","slug":"abenteuer-erstellen","status":"publish","type":"product","link":"https:\/\/mitvorteil.de\/index.php\/produkt\/abenteuer-erstellen\/","title":{"rendered":"Abenteuer in 5 Schritten (PDF)"},"content":{"rendered":"<p>D&D Abenteuer selbst erstellen mit dieser praktischen Spielhilfe. Egal ob f\u00fcr Dungeons & Dragons oder andere Pen & Paper Rollenspiele: In f\u00fcnf Schritten erstellst du deine eigenen Abenteuer \u2013 und hast auch noch Spa\u00df dabei. Die Methode erkl\u00e4ren wir in diesem Video:<\/p>\n<p><a href=\"https:\/\/youtu.be\/T-cRBHpzCFw\" target=\"_blank\">https:\/\/youtu.be\/T-cRBHpzCFw<\/a><\/p>\n<p>Das Ergebnis ist eine Mindmap mit allen Elementen, die du f\u00fcr dein Abenteuer ben\u00f6tigen wirst: Fantastische Orte, spannende NPCs, knifflige Hindernisse und die n\u00f6tigen Hinweise, um alles miteinander zu verbinden. Und nat\u00fcrlich Eskalationen, damit das Abenteuer immer dramatischer wird. In dem Dokument findest du Tipps f\u00fcr die Umsetzung, Formulierungshilfen und Tabellen voller Ideen. Es ist ganz einfach, D&D Abenteuer selbst zu erstellen und wir freuen uns, wenn du uns deine fertige Mindmap zuschickst.<\/p>\n<p>Du bist auf der Suche nach einem fertigen Abenteuer? Probiere <a href=\"https:\/\/mitvorteil.de\/index.php\/produkt\/stunk-dnd-abenteuer-einstieg\/\">unser Einstiegsabenteuer STUNK<\/a> aus!<\/p>\n<p>Hinweis: Dies ist ein digitaler PDF-Download.<\/p>\n","protected":false},"excerpt":{"rendered":"<p>D&#038;D Abenteuer selbst erstellen mit dieser praktischen Spielhilfe. Egal ob f\u00fcr Dungeons &#038; Dragons oder andere Pen &#038; Paper Rollenspiele: In f\u00fcnf Schritten erstellst du deine eigenen Abenteuer \u2013 und hast auch noch Spa\u00df dabei. Die Methode erkl\u00e4ren wir in diesem Video: https:\/\/youtu.be\/T-cRBHpzCFw Das Ergebnis ist eine Mindmap mit allen Elementen, die du f\u00fcr dein [&hellip;]<\/p>\n","protected":false},"featured_media":1395,"comment_status":"open","ping_status":"closed","template":"","meta":{"_seopress_robots_primary_cat":"","_seopress_titles_title":"","_seopress_titles_desc":"","_seopress_robots_index":"","site-sidebar-layout":"default","site-content-layout":"","ast-site-content-layout":"default","site-content-style":"default","site-sidebar-style":"default","ast-global-header-display":"","ast-banner-title-visibility":"","ast-main-header-display":"","ast-hfb-above-header-display":"","ast-hfb-below-header-display":"","ast-hfb-mobile-header-display":"","site-post-title":"","ast-breadcrumbs-content":"","ast-featured-img":"","footer-sml-layout":"","ast-disable-related-posts":"","theme-transparent-header-meta":"default","adv-header-id-meta":"","stick-header-meta":"","header-above-stick-meta":"","header-main-stick-meta":"","header-below-stick-meta":"","astra-migrate-meta-layouts":"set","ast-page-background-enabled":"default","ast-page-background-meta":{"desktop":{"background-color":"var(--ast-global-color-4)","background-image":"","background-repeat":"repeat","background-position":"center center","background-size":"auto","background-attachment":"scroll","background-type":"","background-media":"","overlay-type":"","overlay-color":"","overlay-opacity":"","overlay-gradient":""},"tablet":{"background-color":"","background-image":"","background-repeat":"repeat","background-position":"center center","background-size":"auto","background-attachment":"scroll","background-type":"","background-media":"","overlay-type":"","overlay-color":"","overlay-opacity":"","overlay-gradient":""},"mobile":{"background-color":"","background-image":"","background-repeat":"repeat","background-position":"center center","background-size":"auto","background-attachment":"scroll","background-type":"","background-media":"","overlay-type":"","overlay-color":"","overlay-opacity":"","overlay-gradient":""}},"ast-content-background-meta":{"desktop":{"background-color":"var(--ast-global-color-5)","background-image":"","background-repeat":"repeat","background-position":"center center","background-size":"auto","background-attachment":"scroll","background-type":"","background-media":"","overlay-type":"","overlay-color":"","overlay-opacity":"","overlay-gradient":""},"tablet":{"background-color":"var(--ast-global-color-5)","background-image":"","background-repeat":"repeat","background-position":"center center","background-size":"auto","background-attachment":"scroll","background-type":"","background-media":"","overlay-type":"","overlay-color":"","overlay-opacity":"","overlay-gradient":""},"mobile":{"background-color":"var(--ast-global-color-5)","background-image":"","background-repeat":"repeat","background-position":"center center","background-size":"auto","background-attachment":"scroll","background-type":"","background-media":"","overlay-type":"","overlay-color":"","overlay-opacity":"","overlay-gradient":""}}},"product_brand":[],"product_cat":[68],"product_tag":[],"class_list":{"0":"post-1393","1":"product","2":"type-product","3":"status-publish","4":"has-post-thumbnail","6":"product_cat-hilfen","7":"desktop-align-left","8":"tablet-align-left","9":"mobile-align-left","11":"first","12":"instock","13":"downloadable","14":"virtual","15":"purchasable","16":"product-type-simple"},"post_mailing_queue_ids":[],"_links":{"self":[{"href":"https:\/\/mitvorteil.de\/index.php\/wp-json\/wp\/v2\/product\/1393","targetHints":{"allow":["GET"]}}],"collection":[{"href":"https:\/\/mitvorteil.de\/index.php\/wp-json\/wp\/v2\/product"}],"about":[{"href":"https:\/\/mitvorteil.de\/index.php\/wp-json\/wp\/v2\/types\/product"}],"replies":[{"embeddable":true,"href":"https:\/\/mitvorteil.de\/index.php\/wp-json\/wp\/v2\/comments?post=1393"}],"wp:featuredmedia":[{"embeddable":true,"href":"https:\/\/mitvorteil.de\/index.php\/wp-json\/wp\/v2\/media\/1395"}],"wp:attachment":[{"href":"https:\/\/mitvorteil.de\/index.php\/wp-json\/wp\/v2\/media?parent=1393"}],"wp:term":[{"taxonomy":"product_brand","embeddable":true,"href":"https:\/\/mitvorteil.de\/index.php\/wp-json\/wp\/v2\/product_brand?post=1393"},{"taxonomy":"product_cat","embeddable":true,"href":"https:\/\/mitvorteil.de\/index.php\/wp-json\/wp\/v2\/product_cat?post=1393"},{"taxonomy":"product_tag","embeddable":true,"href":"https:\/\/mitvorteil.de\/index.php\/wp-json\/wp\/v2\/product_tag?post=1393"}],"curies":[{"name":"wp","href":"https:\/\/api.w.org\/{rel}","templated":true}]}}