{"id":961,"date":"2024-09-03T15:17:19","date_gmt":"2024-09-03T15:17:19","guid":{"rendered":"https:\/\/mitvorteil.de\/?page_id=961"},"modified":"2024-11-28T09:51:29","modified_gmt":"2024-11-28T09:51:29","slug":"startseite","status":"publish","type":"page","link":"https:\/\/mitvorteil.de\/index.php\/startseite\/","title":{"rendered":"Startseite"},"content":{"rendered":"\n<div class=\"wp-block-media-text is-stacked-on-mobile\" style=\"grid-template-columns:15% auto\"><figure class=\"wp-block-media-text__media\"><img alt=\"\" fetchpriority=\"high\" decoding=\"async\" width=\"1024\" height=\"1024\" src=\"https:\/\/mitvorteil.de\/wp-content\/uploads\/2021\/10\/mitvorteil_logodesignillustration-04-1024x1024.png\" alt=\"\" class=\"wp-image-344 size-full\" srcset=\"https:\/\/mitvorteil.de\/wp-content\/uploads\/2021\/10\/mitvorteil_logodesignillustration-04-1024x1024.png 1024w, https:\/\/mitvorteil.de\/wp-content\/uploads\/2021\/10\/mitvorteil_logodesignillustration-04-300x300.png 300w, https:\/\/mitvorteil.de\/wp-content\/uploads\/2021\/10\/mitvorteil_logodesignillustration-04-100x100.png 100w, https:\/\/mitvorteil.de\/wp-content\/uploads\/2021\/10\/mitvorteil_logodesignillustration-04-600x601.png 600w, https:\/\/mitvorteil.de\/wp-content\/uploads\/2021\/10\/mitvorteil_logodesignillustration-04-150x150.png 150w, https:\/\/mitvorteil.de\/wp-content\/uploads\/2021\/10\/mitvorteil_logodesignillustration-04-768x769.png 768w, https:\/\/mitvorteil.de\/wp-content\/uploads\/2021\/10\/mitvorteil_logodesignillustration-04.png 1080w\" sizes=\"(max-width: 1024px) 100vw, 1024px\" \/><\/figure><div class=\"wp-block-media-text__content\">\n<p>Wir helfen dir Pen &amp; Paper Rollenspiele zu leiten, zu spielen und m\u00f6glichst viel Spa\u00df dabei zu haben! Egal welches System zu spielst, ob du gerade erst anf\u00e4ngst oder seit Jahren dabei bist, lass ein Abo da und spiel ab jetzt mit Vorteil (:<\/p>\n<\/div><\/div>\n\n\n\n<div class=\"wp-block-group is-layout-flow wp-block-group-is-layout-flow\" style=\"padding-top:30px;padding-right:30px;padding-bottom:30px;padding-left:30px\">\n<div class=\"wp-block-columns is-layout-flex wp-container-core-columns-is-layout-28f84493 wp-block-columns-is-layout-flex\">\n<div class=\"wp-block-column is-layout-flow wp-block-column-is-layout-flow\" style=\"flex-basis:50%\">\n<div class=\"wp-block-query is-layout-flow wp-block-query-is-layout-flow\"><ul class=\"wp-block-post-template is-layout-flow wp-block-post-template-is-layout-flow\"><li class=\"wp-block-post post-811 post type-post status-publish format-standard has-post-thumbnail hentry category-blog category-video tag-dd tag-leiten tag-tutorial tag-vorbereiten\">\n<figure class=\"wp-block-post-featured-image\"><img decoding=\"async\" width=\"760\" height=\"400\" src=\"https:\/\/mitvorteil.de\/wp-content\/uploads\/2022\/11\/Starterset-760x400.jpg\" class=\"attachment-post-thumbnail size-post-thumbnail wp-post-image\" alt=\"Das D&amp;D Starterset &quot;Die Drachen der Sturmwrack-Insel&quot; auf schwarzem Hintergrund umgeben von einer bunten Lichtleiste und blauen W\u00fcrfeln.\" style=\"object-fit:cover;\" \/><\/figure>\n\n<h2 class=\"wp-block-post-title\">D&#038;D Starterset leiten &#8211; ganz einfach!<\/h2>\n\n<div class=\"wp-block-post-date\"><time datetime=\"2022-11-14T12:24:33+00:00\">November 14, 2022<\/time><\/div>\n\n\n<div style=\"height:200px\" aria-hidden=\"true\" class=\"wp-block-spacer\"><\/div>\n\n<\/li><li class=\"wp-block-post post-515 post type-post status-publish format-standard has-post-thumbnail hentry category-video\">\n<figure class=\"wp-block-post-featured-image\"><img decoding=\"async\" width=\"760\" height=\"400\" src=\"https:\/\/mitvorteil.de\/wp-content\/uploads\/2022\/06\/Stranger-Things-Thumbnail-760x400.png\" class=\"attachment-post-thumbnail size-post-thumbnail wp-post-image\" alt=\"Stranger-Things-Thumbnail\" style=\"object-fit:cover;\" \/><\/figure>\n\n<h2 class=\"wp-block-post-title\">Stranger Things: Ist das WIRKLICH Dungeons and Dragons?<\/h2>\n\n<div class=\"wp-block-post-date\"><time datetime=\"2022-06-06T16:57:21+00:00\">Juni 6, 2022<\/time><\/div>\n\n\n<div style=\"height:200px\" aria-hidden=\"true\" class=\"wp-block-spacer\"><\/div>\n\n<\/li><\/ul><\/div>\n<\/div>\n\n\n\n<div class=\"wp-block-column is-layout-flow wp-block-column-is-layout-flow\" style=\"flex-basis:50%\">\n<div class=\"wp-block-query is-layout-flow wp-block-query-is-layout-flow\"><ul class=\"wp-block-post-template is-layout-flow wp-block-post-template-is-layout-flow\"><li class=\"wp-block-post post-484 post type-post status-publish format-standard has-post-thumbnail hentry category-blog category-video tag-dd tag-leiten tag-spielen tag-tutorial tag-vorbereiten\">\n\n<div style=\"height:200px\" aria-hidden=\"true\" class=\"wp-block-spacer\"><\/div>\n\n\n<figure class=\"wp-block-post-featured-image\"><img loading=\"lazy\" decoding=\"async\" width=\"760\" height=\"400\" src=\"https:\/\/mitvorteil.de\/wp-content\/uploads\/2022\/04\/Miniaturen-Thumbnail-760x400.png\" class=\"attachment-post-thumbnail size-post-thumbnail wp-post-image\" alt=\"M\u00fcssen Minis sein?\" style=\"object-fit:cover;\" \/><\/figure>\n\n<h2 class=\"wp-block-post-title\">D&#038;D und Miniaturen: Einfach, g\u00fcnstig und spa\u00dfig starten!<\/h2>\n\n<div class=\"wp-block-post-date\"><time datetime=\"2022-04-19T09:00:18+00:00\">April 19, 2022<\/time><\/div>\n<\/li><li class=\"wp-block-post post-137 post type-post status-publish format-standard has-post-thumbnail hentry category-video tag-spielen tag-tutorial tag-vorbereiten\">\n\n<div style=\"height:200px\" aria-hidden=\"true\" class=\"wp-block-spacer\"><\/div>\n\n\n<figure class=\"wp-block-post-featured-image\"><img loading=\"lazy\" decoding=\"async\" width=\"760\" height=\"400\" src=\"https:\/\/mitvorteil.de\/wp-content\/uploads\/2021\/08\/Thumbnail_acesinspace_KLEINER-760x400.jpg\" class=\"attachment-post-thumbnail size-post-thumbnail wp-post-image\" alt=\"\" style=\"object-fit:cover;\" \/><\/figure>\n\n<h2 class=\"wp-block-post-title\">Schw\u00e4chen machen Rollenspiel Charaktere erst STARK<\/h2>\n\n<div class=\"wp-block-post-date\"><time datetime=\"2021-12-20T14:25:10+00:00\">Dezember 20, 2021<\/time><\/div>\n<\/li><\/ul><\/div>\n<\/div>\n<\/div>\n<\/div>\n","protected":false},"excerpt":{"rendered":"<p>Wir helfen dir Pen &amp; Paper Rollenspiele zu leiten, zu spielen und m\u00f6glichst viel Spa\u00df dabei zu haben! Egal welches System zu spielst, ob du gerade erst anf\u00e4ngst oder seit Jahren dabei bist, lass ein Abo da und spiel ab jetzt mit Vorteil (:<\/p>\n","protected":false},"author":2,"featured_media":0,"parent":0,"menu_order":0,"comment_status":"closed","ping_status":"closed","template":"","meta":{"_seopress_robots_primary_cat":"","_seopress_titles_title":"","_seopress_titles_desc":"","_seopress_robots_index":"","site-sidebar-layout":"default","site-content-layout":"","ast-site-content-layout":"normal-width-container","site-content-style":"default","site-sidebar-style":"default","ast-global-header-display":"","ast-banner-title-visibility":"","ast-main-header-display":"","ast-hfb-above-header-display":"","ast-hfb-below-header-display":"","ast-hfb-mobile-header-display":"","site-post-title":"","ast-breadcrumbs-content":"","ast-featured-img":"","footer-sml-layout":"","ast-disable-related-posts":"","theme-transparent-header-meta":"","adv-header-id-meta":"","stick-header-meta":"","header-above-stick-meta":"","header-main-stick-meta":"","header-below-stick-meta":"","astra-migrate-meta-layouts":"default","ast-page-background-enabled":"default","ast-page-background-meta":{"desktop":{"background-color":"var(--ast-global-color-4)","background-image":"","background-repeat":"repeat","background-position":"center center","background-size":"auto","background-attachment":"scroll","background-type":"","background-media":"","overlay-type":"","overlay-color":"","overlay-opacity":"","overlay-gradient":""},"tablet":{"background-color":"","background-image":"","background-repeat":"repeat","background-position":"center center","background-size":"auto","background-attachment":"scroll","background-type":"","background-media":"","overlay-type":"","overlay-color":"","overlay-opacity":"","overlay-gradient":""},"mobile":{"background-color":"","background-image":"","background-repeat":"repeat","background-position":"center center","background-size":"auto","background-attachment":"scroll","background-type":"","background-media":"","overlay-type":"","overlay-color":"","overlay-opacity":"","overlay-gradient":""}},"ast-content-background-meta":{"desktop":{"background-color":"var(--ast-global-color-5)","background-image":"","background-repeat":"repeat","background-position":"center center","background-size":"auto","background-attachment":"scroll","background-type":"","background-media":"","overlay-type":"","overlay-color":"","overlay-opacity":"","overlay-gradient":""},"tablet":{"background-color":"var(--ast-global-color-5)","background-image":"","background-repeat":"repeat","background-position":"center center","background-size":"auto","background-attachment":"scroll","background-type":"","background-media":"","overlay-type":"","overlay-color":"","overlay-opacity":"","overlay-gradient":""},"mobile":{"background-color":"var(--ast-global-color-5)","background-image":"","background-repeat":"repeat","background-position":"center center","background-size":"auto","background-attachment":"scroll","background-type":"","background-media":"","overlay-type":"","overlay-color":"","overlay-opacity":"","overlay-gradient":""}},"footnotes":""},"class_list":["post-961","page","type-page","status-publish","hentry"],"amp_enabled":true,"post_mailing_queue_ids":[],"_links":{"self":[{"href":"https:\/\/mitvorteil.de\/index.php\/wp-json\/wp\/v2\/pages\/961","targetHints":{"allow":["GET"]}}],"collection":[{"href":"https:\/\/mitvorteil.de\/index.php\/wp-json\/wp\/v2\/pages"}],"about":[{"href":"https:\/\/mitvorteil.de\/index.php\/wp-json\/wp\/v2\/types\/page"}],"author":[{"embeddable":true,"href":"https:\/\/mitvorteil.de\/index.php\/wp-json\/wp\/v2\/users\/2"}],"replies":[{"embeddable":true,"href":"https:\/\/mitvorteil.de\/index.php\/wp-json\/wp\/v2\/comments?post=961"}],"version-history":[{"count":5,"href":"https:\/\/mitvorteil.de\/index.php\/wp-json\/wp\/v2\/pages\/961\/revisions"}],"predecessor-version":[{"id":1001,"href":"https:\/\/mitvorteil.de\/index.php\/wp-json\/wp\/v2\/pages\/961\/revisions\/1001"}],"wp:attachment":[{"href":"https:\/\/mitvorteil.de\/index.php\/wp-json\/wp\/v2\/media?parent=961"}],"curies":[{"name":"wp","href":"https:\/\/api.w.org\/{rel}","templated":true}]}}