{"id":70,"date":"2021-08-14T17:45:59","date_gmt":"2021-08-14T17:45:59","guid":{"rendered":"https:\/\/mitvorteil.de\/?page_id=70"},"modified":"2021-10-02T19:22:27","modified_gmt":"2021-10-02T19:22:27","slug":"supporten","status":"publish","type":"page","link":"https:\/\/mitvorteil.de\/index.php\/supporten\/","title":{"rendered":"Unterst\u00fctzen"},"content":{"rendered":"<p>Du willst unsere Projekte unterst\u00fctzen? Wir f\u00fchlen uns geehrt! \u00dcber Steady kannst du genau das tun. Zum Dank taucht dein Name in den Credits k\u00fcnftiger Videos auf. Wenn du uns mit monatlich 4\u20ac oder mehr unterst\u00fctzt, erh\u00e4ltst du Zugang zu unserem Community-Discord. Dort k\u00f6nnen wir \u00fcber alles m\u00f6gliche aber vor allem \u00fcber Pen & Paper quatschen. Danke f\u00fcr deine Unterst\u00fctzung. Das bedeutet uns wirklich viel. Solltest du uns mit einem NOCH h\u00f6heren Betrag unterst\u00fctzen wollen, wow, also, ja, tausend Dank. Auch daf\u00fcr gibt es ein paar Goodies, zu denen du auf Steady mehr erf\u00e4hrst!<\/p>\n<p><a class=\"wp-show-posts-read-more\" href=\"https:\/\/steadyhq.com\/de\/mitvorteil\/about\" target=\"_blank\" rel=\"noopener\">Unters\u00fctze uns \u00fcber Steady<\/a><\/p>\n<p>Du kannst uns aber auch anders unterst\u00fctzen! Teile dein Lieblingsvideo in einer WhatsApp- oder Facebook-Gruppe. Erz\u00e4hl deiner D&D-Gruppe von unserem Kanal. Mach im Rollenspiel-Laden deines Vertrauens auf uns aufmerksam. Schreib eine Bewertung f\u00fcr unseren Podcast auf deiner Lieblingsplattform. All das hilft uns dabei, unser Projekt gr\u00f6\u00dfer, spannender und hilfreicher zu machen. Danke!<\/p>\n","protected":false},"excerpt":{"rendered":"<p>Du willst unsere Projekte unterst\u00fctzen? Wir f\u00fchlen uns geehrt! \u00dcber Steady kannst du genau das tun. Zum Dank taucht dein Name in den Credits k\u00fcnftiger Videos auf. Wenn du uns mit monatlich 4\u20ac oder mehr unterst\u00fctzt, erh\u00e4ltst du Zugang zu unserem Community-Discord. Dort k\u00f6nnen wir \u00fcber alles m\u00f6gliche aber vor allem \u00fcber Pen &#038; Paper [&hellip;]<\/p>\n","protected":false},"author":1,"featured_media":0,"parent":0,"menu_order":0,"comment_status":"closed","ping_status":"closed","template":"","meta":{"_seopress_robots_primary_cat":"","_seopress_titles_title":"","_seopress_titles_desc":"","_seopress_robots_index":"","site-sidebar-layout":"default","site-content-layout":"","ast-site-content-layout":"default","site-content-style":"default","site-sidebar-style":"default","ast-global-header-display":"","ast-banner-title-visibility":"","ast-main-header-display":"","ast-hfb-above-header-display":"","ast-hfb-below-header-display":"","ast-hfb-mobile-header-display":"","site-post-title":"","ast-breadcrumbs-content":"","ast-featured-img":"","footer-sml-layout":"","ast-disable-related-posts":"","theme-transparent-header-meta":"","adv-header-id-meta":"","stick-header-meta":"","header-above-stick-meta":"","header-main-stick-meta":"","header-below-stick-meta":"","astra-migrate-meta-layouts":"default","ast-page-background-enabled":"default","ast-page-background-meta":{"desktop":{"background-color":"var(--ast-global-color-4)","background-image":"","background-repeat":"repeat","background-position":"center center","background-size":"auto","background-attachment":"scroll","background-type":"","background-media":"","overlay-type":"","overlay-color":"","overlay-opacity":"","overlay-gradient":""},"tablet":{"background-color":"","background-image":"","background-repeat":"repeat","background-position":"center center","background-size":"auto","background-attachment":"scroll","background-type":"","background-media":"","overlay-type":"","overlay-color":"","overlay-opacity":"","overlay-gradient":""},"mobile":{"background-color":"","background-image":"","background-repeat":"repeat","background-position":"center center","background-size":"auto","background-attachment":"scroll","background-type":"","background-media":"","overlay-type":"","overlay-color":"","overlay-opacity":"","overlay-gradient":""}},"ast-content-background-meta":{"desktop":{"background-color":"var(--ast-global-color-5)","background-image":"","background-repeat":"repeat","background-position":"center center","background-size":"auto","background-attachment":"scroll","background-type":"","background-media":"","overlay-type":"","overlay-color":"","overlay-opacity":"","overlay-gradient":""},"tablet":{"background-color":"var(--ast-global-color-5)","background-image":"","background-repeat":"repeat","background-position":"center center","background-size":"auto","background-attachment":"scroll","background-type":"","background-media":"","overlay-type":"","overlay-color":"","overlay-opacity":"","overlay-gradient":""},"mobile":{"background-color":"var(--ast-global-color-5)","background-image":"","background-repeat":"repeat","background-position":"center center","background-size":"auto","background-attachment":"scroll","background-type":"","background-media":"","overlay-type":"","overlay-color":"","overlay-opacity":"","overlay-gradient":""}},"footnotes":""},"class_list":["post-70","page","type-page","status-publish","hentry"],"amp_enabled":true,"post_mailing_queue_ids":[],"_links":{"self":[{"href":"https:\/\/mitvorteil.de\/index.php\/wp-json\/wp\/v2\/pages\/70","targetHints":{"allow":["GET"]}}],"collection":[{"href":"https:\/\/mitvorteil.de\/index.php\/wp-json\/wp\/v2\/pages"}],"about":[{"href":"https:\/\/mitvorteil.de\/index.php\/wp-json\/wp\/v2\/types\/page"}],"author":[{"embeddable":true,"href":"https:\/\/mitvorteil.de\/index.php\/wp-json\/wp\/v2\/users\/1"}],"replies":[{"embeddable":true,"href":"https:\/\/mitvorteil.de\/index.php\/wp-json\/wp\/v2\/comments?post=70"}],"version-history":[{"count":0,"href":"https:\/\/mitvorteil.de\/index.php\/wp-json\/wp\/v2\/pages\/70\/revisions"}],"wp:attachment":[{"href":"https:\/\/mitvorteil.de\/index.php\/wp-json\/wp\/v2\/media?parent=70"}],"curies":[{"name":"wp","href":"https:\/\/api.w.org\/{rel}","templated":true}]}}