{"id":531,"date":"2022-08-17T18:29:55","date_gmt":"2022-08-17T18:29:55","guid":{"rendered":"https:\/\/mitvorteil.de\/?page_id=531"},"modified":"2022-08-18T08:17:22","modified_gmt":"2022-08-18T08:17:22","slug":"download","status":"publish","type":"page","link":"https:\/\/mitvorteil.de\/index.php\/download\/","title":{"rendered":"Downloads"},"content":{"rendered":"\n<p>Hier findet ihr eine \u00fcbersicht von allen Inhalten die wir euch zur verf\u00fcgung stellen<\/p>\n\n\n<div class=\"sdm_download_item \"><div class=\"sdm_download_item_top\"><div class=\"sdm_download_thumbnail\"><\/div><div class=\"sdm_download_title\">World Building Leitfaden<\/div><\/div><div style=\"clear:both;\"><\/div><div class=\"sdm_download_description\"><\/div><div class=\"sdm_download_link\"><span class=\"sdm_download_button\"><a href=\"https:\/\/mitvorteil.de\/?sdm_process_download=1&download_id=359\" class=\"sdm_download green\" title=\"World Building Leitfaden\" target=\"_blank\">Jetzt herunterladen!<\/a><\/span><span class=\"sdm_download_item_count\"><span class=\"sdm_item_count_number\">7111<\/span><span class=\"sdm_item_count_string\"> Downloads<\/span><\/span><\/div><\/div><div class=\"sdm_clear_float\"><\/div>\n\n\n<div class=\"sdm_download_item \"><div class=\"sdm_download_item_top\"><div class=\"sdm_download_thumbnail\"><\/div><div class=\"sdm_download_title\">Mit Vorteil DnD Sichtschirm<\/div><\/div><div style=\"clear:both;\"><\/div><div class=\"sdm_download_description\"><p><a href=\"https:\/\/mitvorteil.de\/wp-content\/uploads\/2021\/11\/MitVorteil_DnD_Sichtschirm.pdf\">MitVorteil_DnD_Sichtschirm<\/a><\/p>\n<\/div><div class=\"sdm_download_link\"><span class=\"sdm_download_button\"><a href=\"https:\/\/mitvorteil.de\/?sdm_process_download=1&download_id=426\" class=\"sdm_download green\" title=\"Mit Vorteil DnD Sichtschirm\" target=\"_blank\">Jetzt herunterladen!<\/a><\/span><span class=\"sdm_download_item_count\"><span class=\"sdm_item_count_number\">2840<\/span><span class=\"sdm_item_count_string\"> Downloads<\/span><\/span><\/div><\/div><div class=\"sdm_clear_float\"><\/div>\n\n\n<div class=\"sdm_download_item \"><div class=\"sdm_download_item_top\"><div class=\"sdm_download_thumbnail\"><\/div><div class=\"sdm_download_title\">KAMIGAWA: NEON DYNASTIE &#8211; HOMEBREWS<\/div><\/div><div style=\"clear:both;\"><\/div><div class=\"sdm_download_description\"><p>Zur Feier von 5.000 Abos auf YouTube ver\u00f6ffentlichen wir ein paar hausgemachte Inhalte f\u00fcr eure D&amp;D-Runden. Passend zur Ver\u00f6ffentlichung des neuen Magic-Sets KAMIGAWA: NEON DYNASTIE bringen wir ein wenig Cyberpunk in eure Fantasywelten. Drei spielbare V\u00f6lker, passende Hintergr\u00fcnde, magische Items und spacige Fahrzeuge erwarten euch in dem Gratis-PDF. Ihr plant keinen Ausflug nach Kamigawa? Kein Problem! Die Inhalte lassen sich super in anderen Settings verwenden oder mit kleinen \u00c4nderungen anpassen. Viel Spa\u00df und fallt bitte nicht vom Hoverbike. Live OneShot mit dem WotC-Team Und das ist nicht alles! N\u00e4chsten Dienstag den 15.02. spielen wir ab 19:00 Uhr einen D&amp;D OneShot live auf YouTube und nutzen Kamigawa als Setting! Mit dabei sind Sabrina (Brand-Managerin D&amp;D) und Jin-A (Influencer Managerin) vom deutschen Wizards of the Coast Team. Lernt die beiden auf die bestm\u00f6gliche Art kennen: W\u00e4hrend eines turbulenten Abenteuers in der neonfarbenen Welt von Kamigawa. Wir freuen uns, euch zahlreich im Chat zu treffen <span class=\"emojiContainer-2XKwXX\" role=\"button\">\u2764<\/span><\/p>\n<\/div><div class=\"sdm_download_link\"><span class=\"sdm_download_button\"><a href=\"https:\/\/mitvorteil.de\/?sdm_process_download=1&download_id=438\" class=\"sdm_download green\" title=\"KAMIGAWA: NEON DYNASTIE &#8211; HOMEBREWS\" target=\"_self\">Jetzt herunterladen!<\/a><\/span><span class=\"sdm_download_item_count\"><span class=\"sdm_item_count_number\">3563<\/span><span class=\"sdm_item_count_string\"> Downloads<\/span><\/span><\/div><\/div><div class=\"sdm_clear_float\"><\/div>\n\n\n<div class=\"sdm_download_item \"><div class=\"sdm_download_item_top\"><div class=\"sdm_download_thumbnail\"><\/div><div class=\"sdm_download_title\">Baukasten f\u00fcr fantastische Gottheiten<\/div><\/div><div style=\"clear:both;\"><\/div><div class=\"sdm_download_description\"><p>G\u00f6tter f\u00fcr deine D&amp;D und jede andere Fantasy Welt erstellen. Ganz einfach mit dieser Spielhilfe! Nutze das PDF, um alleine Gottheiten f\u00fcr deine Homebrew Kampagne vorzubereiten oder du setzt dich mit deiner Gruppe zusammen und machst das als kleines Minispiel. Im Video zeigen wir dir, dass es super schnell geht und auch noch jede Menge Spa\u00df macht. Wenn deine Dungeons &amp; Dragons Welt also noch Gottheiten ben\u00f6tigt oder die Klerikerin deiner Gruppe noch nicht wei\u00df, welchem Wesen sie sich verschreiben soll: W\u00fcrfel in die Hand nehmen und los geht es!<\/p>\n<p><a href=\"https:\/\/www.youtube.com\/-RQdcZNOoto\">Hier geht es zum Video!<\/a><\/p>\n<p><a href=\"https:\/\/open.spotify.com\/show\/0CjDjDfBtmtjHFmR7P8dv0\">Wenn du mehr Ideen f\u00fcr Gottheiten suchst, abonniere unseren Podcast &#8222;Wo Wir Klauen&#8220; mit deiner liebsten Podcast-App. Und wenn du schon dabei bist, lass uns gerne eine Bewertung da!<\/a> (:<\/p>\n<p><a href=\"https:\/\/steadyhq.com\/de\/mitvorteil\">Unterst\u00fctze uns auf Steady, damit wir noch mehr und noch besseren Content machen k\u00f6nnen. Danke!<\/a><\/p>\n<\/div><div class=\"sdm_download_version\"><span class=\"sdm_download_version_label\">Version: <\/span><span class=\"sdm_download_version_value\">1.0<\/span><\/div><div class=\"sdm_download_link\"><span class=\"sdm_download_button\"><a href=\"https:\/\/mitvorteil.de\/?sdm_process_download=1&download_id=470\" class=\"sdm_download green\" title=\"Baukasten f\u00fcr fantastische Gottheiten\" target=\"_blank\">Jetzt herunterladen!<\/a><\/span><span class=\"sdm_download_item_count\"><span class=\"sdm_item_count_number\">3428<\/span><span class=\"sdm_item_count_string\"> Downloads<\/span><\/span><\/div><\/div><div class=\"sdm_clear_float\"><\/div>\n\n\n<div class=\"sdm_download_item \"><div class=\"sdm_download_item_top\"><div class=\"sdm_download_thumbnail\"><\/div><div class=\"sdm_download_title\">Die Schlangentr\u00e4nke &#8211; Ein Mausritter Abenteuerschauplatz &#8211; Mit Vorteil<\/div><\/div><div style=\"clear:both;\"><\/div><div class=\"sdm_download_description\"><p>Ein Mausritter Abenteuerschauplatz in einem alten Apothekenschrank. Was soll schon schiefgehen?<\/p>\n<\/div><div class=\"sdm_download_link\"><span class=\"sdm_download_button\"><a href=\"https:\/\/mitvorteil.de\/?sdm_process_download=1&download_id=527\" class=\"sdm_download green\" title=\"Die Schlangentr\u00e4nke &#8211; Ein Mausritter Abenteuerschauplatz &#8211; Mit Vorteil\" target=\"_self\">Jetzt herunterladen!<\/a><\/span><span class=\"sdm_download_item_count\"><span class=\"sdm_item_count_number\">4756<\/span><span class=\"sdm_item_count_string\"> Downloads<\/span><\/span><\/div><\/div><div class=\"sdm_clear_float\"><\/div>\n","protected":false},"excerpt":{"rendered":"<p>Hier findet ihr eine \u00fcbersicht von allen Inhalten die wir euch zur verf\u00fcgung stellen<\/p>\n","protected":false},"author":2,"featured_media":0,"parent":0,"menu_order":0,"comment_status":"closed","ping_status":"closed","template":"","meta":{"_seopress_robots_primary_cat":"","_seopress_titles_title":"","_seopress_titles_desc":"","_seopress_robots_index":"","site-sidebar-layout":"default","site-content-layout":"","ast-site-content-layout":"default","site-content-style":"default","site-sidebar-style":"default","ast-global-header-display":"","ast-banner-title-visibility":"","ast-main-header-display":"","ast-hfb-above-header-display":"","ast-hfb-below-header-display":"","ast-hfb-mobile-header-display":"","site-post-title":"","ast-breadcrumbs-content":"","ast-featured-img":"","footer-sml-layout":"","ast-disable-related-posts":"","theme-transparent-header-meta":"","adv-header-id-meta":"","stick-header-meta":"","header-above-stick-meta":"","header-main-stick-meta":"","header-below-stick-meta":"","astra-migrate-meta-layouts":"default","ast-page-background-enabled":"default","ast-page-background-meta":{"desktop":{"background-color":"var(--ast-global-color-4)","background-image":"","background-repeat":"repeat","background-position":"center center","background-size":"auto","background-attachment":"scroll","background-type":"","background-media":"","overlay-type":"","overlay-color":"","overlay-opacity":"","overlay-gradient":""},"tablet":{"background-color":"","background-image":"","background-repeat":"repeat","background-position":"center center","background-size":"auto","background-attachment":"scroll","background-type":"","background-media":"","overlay-type":"","overlay-color":"","overlay-opacity":"","overlay-gradient":""},"mobile":{"background-color":"","background-image":"","background-repeat":"repeat","background-position":"center center","background-size":"auto","background-attachment":"scroll","background-type":"","background-media":"","overlay-type":"","overlay-color":"","overlay-opacity":"","overlay-gradient":""}},"ast-content-background-meta":{"desktop":{"background-color":"var(--ast-global-color-5)","background-image":"","background-repeat":"repeat","background-position":"center center","background-size":"auto","background-attachment":"scroll","background-type":"","background-media":"","overlay-type":"","overlay-color":"","overlay-opacity":"","overlay-gradient":""},"tablet":{"background-color":"var(--ast-global-color-5)","background-image":"","background-repeat":"repeat","background-position":"center center","background-size":"auto","background-attachment":"scroll","background-type":"","background-media":"","overlay-type":"","overlay-color":"","overlay-opacity":"","overlay-gradient":""},"mobile":{"background-color":"var(--ast-global-color-5)","background-image":"","background-repeat":"repeat","background-position":"center center","background-size":"auto","background-attachment":"scroll","background-type":"","background-media":"","overlay-type":"","overlay-color":"","overlay-opacity":"","overlay-gradient":""}},"footnotes":""},"class_list":["post-531","page","type-page","status-publish","hentry"],"amp_enabled":true,"post_mailing_queue_ids":[],"_links":{"self":[{"href":"https:\/\/mitvorteil.de\/index.php\/wp-json\/wp\/v2\/pages\/531","targetHints":{"allow":["GET"]}}],"collection":[{"href":"https:\/\/mitvorteil.de\/index.php\/wp-json\/wp\/v2\/pages"}],"about":[{"href":"https:\/\/mitvorteil.de\/index.php\/wp-json\/wp\/v2\/types\/page"}],"author":[{"embeddable":true,"href":"https:\/\/mitvorteil.de\/index.php\/wp-json\/wp\/v2\/users\/2"}],"replies":[{"embeddable":true,"href":"https:\/\/mitvorteil.de\/index.php\/wp-json\/wp\/v2\/comments?post=531"}],"version-history":[{"count":0,"href":"https:\/\/mitvorteil.de\/index.php\/wp-json\/wp\/v2\/pages\/531\/revisions"}],"wp:attachment":[{"href":"https:\/\/mitvorteil.de\/index.php\/wp-json\/wp\/v2\/media?parent=531"}],"curies":[{"name":"wp","href":"https:\/\/api.w.org\/{rel}","templated":true}]}}